{"id":1012,"date":"2018-03-21T05:02:06","date_gmt":"2018-03-21T04:02:06","guid":{"rendered":"http:\/\/rakosliget.hu\/wordpress\/?page_id=1012"},"modified":"2018-03-21T05:02:06","modified_gmt":"2018-03-21T04:02:06","slug":"kassai-jozsef","status":"publish","type":"page","link":"https:\/\/rakosliget.hu\/wordpress\/index.php\/kassai-jozsef\/","title":{"rendered":"Kassai J\u00f3zsef"},"content":{"rendered":"<h1 align=\"left\"><span data-canvas-width=\"101.1910680029279\">Kassai J\u00f3zsef<\/span><span data-canvas-width=\"226.93086779957417\"> (Budapest, 1887-1962)<\/span><\/h1>\n<h2 align=\"left\">a r\u00e1kosligeti ideiglenes <span data-canvas-width=\"310.04152502022896\">k\u00e9pvisel\u0151-test\u00fclet<\/span> tagja<\/h2>\n<p align=\"left\">\n<p align=\"left\"><span data-canvas-width=\"226.93086779957417\">Moz<\/span><span data-canvas-width=\"314.0733239877563\">donyvezet\u0151. 1945-t\u0151l az SZDP tagja. <\/span><span data-canvas-width=\"309.57457038541395\">1945-ben a r\u00e1kosligeti ideiglenes k\u00e9pvisel\u0151-test\u00fclet<\/span><span data-canvas-width=\"121.08297205722657\"> tagja. <\/span><\/p>\n","protected":false},"excerpt":{"rendered":"<p>Kassai J\u00f3zsef (Budapest, 1887-1962) a r\u00e1kosligeti ideiglenes k\u00e9pvisel\u0151-test\u00fclet tagja Mozdonyvezet\u0151. 1945-t\u0151l az SZDP tagja. 1945-ben a r\u00e1kosligeti ideiglenes k\u00e9pvisel\u0151-test\u00fclet tagja.<\/p>\n","protected":false},"author":1,"featured_media":0,"parent":0,"menu_order":0,"comment_status":"closed","ping_status":"closed","template":"","meta":{"footnotes":""},"class_list":["post-1012","page","type-page","status-publish","hentry"],"_links":{"self":[{"href":"https:\/\/rakosliget.hu\/wordpress\/index.php\/wp-json\/wp\/v2\/pages\/1012","targetHints":{"allow":["GET"]}}],"collection":[{"href":"https:\/\/rakosliget.hu\/wordpress\/index.php\/wp-json\/wp\/v2\/pages"}],"about":[{"href":"https:\/\/rakosliget.hu\/wordpress\/index.php\/wp-json\/wp\/v2\/types\/page"}],"author":[{"embeddable":true,"href":"https:\/\/rakosliget.hu\/wordpress\/index.php\/wp-json\/wp\/v2\/users\/1"}],"replies":[{"embeddable":true,"href":"https:\/\/rakosliget.hu\/wordpress\/index.php\/wp-json\/wp\/v2\/comments?post=1012"}],"version-history":[{"count":1,"href":"https:\/\/rakosliget.hu\/wordpress\/index.php\/wp-json\/wp\/v2\/pages\/1012\/revisions"}],"predecessor-version":[{"id":1013,"href":"https:\/\/rakosliget.hu\/wordpress\/index.php\/wp-json\/wp\/v2\/pages\/1012\/revisions\/1013"}],"wp:attachment":[{"href":"https:\/\/rakosliget.hu\/wordpress\/index.php\/wp-json\/wp\/v2\/media?parent=1012"}],"curies":[{"name":"wp","href":"https:\/\/api.w.org\/{rel}","templated":true}]}}