{"id":1006,"date":"2018-03-21T05:00:12","date_gmt":"2018-03-21T04:00:12","guid":{"rendered":"http:\/\/rakosliget.hu\/wordpress\/?page_id=1006"},"modified":"2018-03-21T05:00:12","modified_gmt":"2018-03-21T04:00:12","slug":"kalmar-tibor","status":"publish","type":"page","link":"https:\/\/rakosliget.hu\/wordpress\/index.php\/kalmar-tibor\/","title":{"rendered":"Kalm\u00e1r Tibor"},"content":{"rendered":"<h1 align=\"left\"><span data-canvas-width=\"73.13252584596968\">Kalm\u00e1r Tibor<\/span><span data-canvas-width=\"163.75790194732645\"> (Budapest, 1899)<\/span><\/h1>\n<h2 align=\"left\">R\u00e1kosligeti Nemzeti Bizotts\u00e1g tagja<\/h2>\n<p align=\"left\">\n<p align=\"left\"><span data-canvas-width=\"229.6553952708168\">Keresked\u0151seg\u00e9d, m\u0171szer\u00e9sz. 1945-t\u0151l az MKP, k\u00e9s\u0151bb az NPP tagja, e p\u00e1rt r\u00e1kosligeti szervezet\u00e9nek eln\u00f6ke, 1947-1949-ben a R\u00e1kosligeti Nemzeti Bizotts\u00e1g \u00e9s k\u00e9pvisel\u0151-test\u00fclet tagja. &#8211; Nyugd\u00edjas. <\/span><\/p>\n","protected":false},"excerpt":{"rendered":"<p>Kalm\u00e1r Tibor (Budapest, 1899) R\u00e1kosligeti Nemzeti Bizotts\u00e1g tagja Keresked\u0151seg\u00e9d, m\u0171szer\u00e9sz. 1945-t\u0151l az MKP, k\u00e9s\u0151bb az NPP tagja, e p\u00e1rt r\u00e1kosligeti szervezet\u00e9nek eln\u00f6ke, 1947-1949-ben a R\u00e1kosligeti Nemzeti Bizotts\u00e1g \u00e9s k\u00e9pvisel\u0151-test\u00fclet tagja. &#8211; Nyugd\u00edjas.<\/p>\n","protected":false},"author":1,"featured_media":0,"parent":0,"menu_order":0,"comment_status":"closed","ping_status":"closed","template":"","meta":{"footnotes":""},"class_list":["post-1006","page","type-page","status-publish","hentry"],"_links":{"self":[{"href":"https:\/\/rakosliget.hu\/wordpress\/index.php\/wp-json\/wp\/v2\/pages\/1006","targetHints":{"allow":["GET"]}}],"collection":[{"href":"https:\/\/rakosliget.hu\/wordpress\/index.php\/wp-json\/wp\/v2\/pages"}],"about":[{"href":"https:\/\/rakosliget.hu\/wordpress\/index.php\/wp-json\/wp\/v2\/types\/page"}],"author":[{"embeddable":true,"href":"https:\/\/rakosliget.hu\/wordpress\/index.php\/wp-json\/wp\/v2\/users\/1"}],"replies":[{"embeddable":true,"href":"https:\/\/rakosliget.hu\/wordpress\/index.php\/wp-json\/wp\/v2\/comments?post=1006"}],"version-history":[{"count":1,"href":"https:\/\/rakosliget.hu\/wordpress\/index.php\/wp-json\/wp\/v2\/pages\/1006\/revisions"}],"predecessor-version":[{"id":1007,"href":"https:\/\/rakosliget.hu\/wordpress\/index.php\/wp-json\/wp\/v2\/pages\/1006\/revisions\/1007"}],"wp:attachment":[{"href":"https:\/\/rakosliget.hu\/wordpress\/index.php\/wp-json\/wp\/v2\/media?parent=1006"}],"curies":[{"name":"wp","href":"https:\/\/api.w.org\/{rel}","templated":true}]}}