{"id":1003,"date":"2018-03-21T04:53:25","date_gmt":"2018-03-21T03:53:25","guid":{"rendered":"http:\/\/rakosliget.hu\/wordpress\/?page_id=1003"},"modified":"2018-03-21T04:53:25","modified_gmt":"2018-03-21T03:53:25","slug":"kadar-gyula","status":"publish","type":"page","link":"https:\/\/rakosliget.hu\/wordpress\/index.php\/kadar-gyula\/","title":{"rendered":"K\u00e1d\u00e1r Gyula"},"content":{"rendered":"<h1 align=\"left\">K\u00e1d\u00e1r Gyula (1901. j\u00falius 1. &#8211; ?)<\/h1>\n<h2 align=\"left\"><span data-canvas-width=\"309.6036414910834\">aljegyz\u0151<\/span><\/h2>\n<p align=\"left\"><span data-canvas-width=\"105.80610602794788\"><br \/>\nSz\u00e9kesfeh\u00e9rv\u00e1ron (Fej\u00e9r vm.) sz\u00fcletett 1901. j\u00falius 1-\u00e9n. 1921-ben fels\u0151kereskedelmi \u00e9retts\u00e9git tett, 1923-ban pe\u00addig jegyz\u0151i oklevelet szerzett. 1923-t\u00f3l 1928-ig R\u00e1kosligeten, R\u00e9ts\u00e1gon, Fels\u0151s\u00e1pon volt aljegyz\u0151. 1928-ban \u00e9s 1929-ben K\u00e9tbodonyban helyettes aljegyz\u0151k\u00e9nt, 1929-t\u0151l 1935-ig N\u0151tincsen seg\u00e9djegyz\u0151k\u00e9nt m\u0171k\u00f6d\u00f6tt. 1938. m\u00e1rcius 28-t\u00f3l \u00fajra seg\u00e9djegyz\u0151. Kev\u00e9ss\u00e9 \u00edrt \u00e9s besz\u00e9lt n\u00e9met\u00fcl.<\/span><\/p>\n<p align=\"left\"><span data-canvas-width=\"105.80610602794788\">Forr\u00e1s: <\/span><strong><a href=\"https:\/\/www.google.hu\/url?sa=t&amp;rct=j&amp;q=&amp;esrc=s&amp;source=web&amp;cd=20&amp;ved=0CFgQFjAJOApqFQoTCMKRk5vEyMgCFYEoGgodWDwHyw&amp;url=http%3A%2F%2Fdigitalisleveltar.nogradarchiv.hu%2FNMLFiler%2Fdocservice%3FID%3D26%26mode%3Di&amp;usg=AFQjCNF8d63P1QmyAvx1EOFZHbfmBZ6eFA&amp;cad=rja\">A K\u00d6ZS\u00c9GI \u00c9S K\u00d6RJEGYZ\u0150K T\u00c1RSADALMA \u00c9S MOZGALMAI N\u00d3GR\u00c1D V\u00c1RMEGY\u00c9BEN <\/a><\/strong><a href=\"https:\/\/www.google.hu\/url?sa=t&amp;rct=j&amp;q=&amp;esrc=s&amp;source=web&amp;cd=20&amp;ved=0CFgQFjAJOApqFQoTCMKRk5vEyMgCFYEoGgodWDwHyw&amp;url=http%3A%2F%2Fdigitalisleveltar.nogradarchiv.hu%2FNMLFiler%2Fdocservice%3FID%3D26%26mode%3Di&amp;usg=AFQjCNF8d63P1QmyAvx1EOFZHbfmBZ6eFA&amp;cad=rja\"><strong>(1873\u20131950)\u00a0 <\/strong>Salg\u00f3tarj\u00e1n, 2001 \u00a9 N\u00f3gr\u00e1d Megyei Lev\u00e9lt\u00e1r, F\u00f6ldi Istv\u00e1n<\/a><\/p>\n","protected":false},"excerpt":{"rendered":"<p>K\u00e1d\u00e1r Gyula (1901. j\u00falius 1. &#8211; ?) aljegyz\u0151 Sz\u00e9kesfeh\u00e9rv\u00e1ron (Fej\u00e9r vm.) sz\u00fcletett 1901. j\u00falius 1-\u00e9n. 1921-ben fels\u0151kereskedelmi \u00e9retts\u00e9git tett, 1923-ban pe\u00addig jegyz\u0151i oklevelet szerzett. 1923-t\u00f3l 1928-ig R\u00e1kosligeten, R\u00e9ts\u00e1gon, Fels\u0151s\u00e1pon volt aljegyz\u0151. 1928-ban \u00e9s 1929-ben K\u00e9tbodonyban helyettes aljegyz\u0151k\u00e9nt, 1929-t\u0151l 1935-ig N\u0151tincsen seg\u00e9djegyz\u0151k\u00e9nt m\u0171k\u00f6d\u00f6tt. 1938. m\u00e1rcius 28-t\u00f3l \u00fajra seg\u00e9djegyz\u0151. Kev\u00e9ss\u00e9 \u00edrt \u00e9s besz\u00e9lt n\u00e9met\u00fcl. Forr\u00e1s: A K\u00d6ZS\u00c9GI &hellip; <a href=\"https:\/\/rakosliget.hu\/wordpress\/index.php\/kadar-gyula\/\" class=\"more-link\"><span class=\"screen-reader-text\">K\u00e1d\u00e1r Gyula<\/span> r\u00e9szletei&#8230;<\/a><\/p>\n","protected":false},"author":1,"featured_media":0,"parent":0,"menu_order":0,"comment_status":"closed","ping_status":"closed","template":"","meta":{"footnotes":""},"class_list":["post-1003","page","type-page","status-publish","hentry"],"_links":{"self":[{"href":"https:\/\/rakosliget.hu\/wordpress\/index.php\/wp-json\/wp\/v2\/pages\/1003","targetHints":{"allow":["GET"]}}],"collection":[{"href":"https:\/\/rakosliget.hu\/wordpress\/index.php\/wp-json\/wp\/v2\/pages"}],"about":[{"href":"https:\/\/rakosliget.hu\/wordpress\/index.php\/wp-json\/wp\/v2\/types\/page"}],"author":[{"embeddable":true,"href":"https:\/\/rakosliget.hu\/wordpress\/index.php\/wp-json\/wp\/v2\/users\/1"}],"replies":[{"embeddable":true,"href":"https:\/\/rakosliget.hu\/wordpress\/index.php\/wp-json\/wp\/v2\/comments?post=1003"}],"version-history":[{"count":1,"href":"https:\/\/rakosliget.hu\/wordpress\/index.php\/wp-json\/wp\/v2\/pages\/1003\/revisions"}],"predecessor-version":[{"id":1004,"href":"https:\/\/rakosliget.hu\/wordpress\/index.php\/wp-json\/wp\/v2\/pages\/1003\/revisions\/1004"}],"wp:attachment":[{"href":"https:\/\/rakosliget.hu\/wordpress\/index.php\/wp-json\/wp\/v2\/media?parent=1003"}],"curies":[{"name":"wp","href":"https:\/\/api.w.org\/{rel}","templated":true}]}}